{"id":5041,"date":"2025-10-28T16:51:57","date_gmt":"2025-10-28T23:51:57","guid":{"rendered":"https:\/\/beta.sandiegocounty.gov\/?page_id=5041"},"modified":"2025-10-28T16:58:17","modified_gmt":"2025-10-28T23:58:17","slug":"language-access","status":"publish","type":"page","link":"https:\/\/beta.sandiegocounty.gov\/es\/language-access\/","title":{"rendered":"Acceso al idioma"},"content":{"rendered":"<h2 class=\"wp-block-heading\" id=\"h-website-translation\">Traducci\u00f3n de sitios web<\/h2>\n\n\n\n<p>Nuestro sitio web utiliza una herramienta para traducir autom\u00e1ticamente las p\u00e1ginas a otros idiomas. Esta herramienta facilita la traducci\u00f3n autom\u00e1tica a los visitantes. Ninguna traducci\u00f3n autom\u00e1tica es perfecta y no pretende sustituir la traducci\u00f3n humana. El texto oficial es la versi\u00f3n en ingl\u00e9s del sitio web. <\/p>\n\n\n\n<p>Es posible que ciertas p\u00e1ginas o partes de p\u00e1ginas utilicen traducci\u00f3n humana. <\/p>\n\n\n\n<h2 class=\"wp-block-heading\" id=\"h-phone-help\">Ayuda telef\u00f3nica<\/h2>\n\n\n\n<p>Puede obtener informaci\u00f3n sobre muchos servicios del condado en <a href=\"https:\/\/211sandiego.org\/\">211 San Diego<\/a>Ofrecen ayuda en m\u00e1s de 200 idiomas las 24 horas del d\u00eda. <a href=\"tel:211\" data-no-translation=\"\" data-no-auto-translation=\"\">Call 211<\/a>.<\/p>\n\n\n\n<h2 class=\"wp-block-heading\" id=\"h-meeting-interpretation\">Interpretaci\u00f3n de reuniones<\/h2>\n\n\n\n<p>Muchas reuniones p\u00fablicas ofrecen int\u00e9rpretes. Consulte la informaci\u00f3n de la reuni\u00f3n y comun\u00edquese con el departamento u oficina que la organiza para obtener m\u00e1s detalles.<\/p>\n\n\n\n<p><\/p>","protected":false},"excerpt":{"rendered":"<p>Website translation Our website uses a tool to automatically translate pages into languages other than English. The automated translation tool is a convenience for visitors. No automated translation is perfect and is not intended to replace human translation. The official text is the English version of the website. Certain pages or parts of pages may [&#8230;]<\/p>\n<p><a class=\"btn btn-secondary understrap-read-more-link\" href=\"https:\/\/beta.sandiegocounty.gov\/es\/language-access\/\">Read More&#8230;<span class=\"screen-reader-text\"> from Language access<\/span><\/a><\/p>\n","protected":false},"author":5,"featured_media":0,"parent":0,"menu_order":0,"comment_status":"closed","ping_status":"closed","template":"page-templates\/about.php","meta":{"_acf_changed":false,"footnotes":""},"departments":[],"class_list":["post-5041","page","type-page","status-publish","hentry"],"acf":[],"yoast_head":"<!-- This site is optimized with the Yoast SEO Premium plugin v27.2 (Yoast SEO v27.2) - https:\/\/yoast.com\/product\/yoast-seo-premium-wordpress\/ -->\n<title>Language access - County of San Diego (Beta)<\/title>\n<meta name=\"description\" content=\"Information about services to make County of San Diego information available in languages other than English.\" \/>\n<meta name=\"robots\" content=\"index, follow, max-snippet:-1, max-image-preview:large, max-video-preview:-1\" \/>\n<link rel=\"canonical\" href=\"https:\/\/beta.sandiegocounty.gov\/es\/language-access\/\" \/>\n<meta property=\"og:locale\" content=\"es_MX\" \/>\n<meta property=\"og:type\" content=\"article\" \/>\n<meta property=\"og:title\" content=\"Language access\" \/>\n<meta property=\"og:description\" content=\"Information about services to make County of San Diego information available in languages other than English.\" \/>\n<meta property=\"og:url\" content=\"https:\/\/beta.sandiegocounty.gov\/es\/language-access\/\" \/>\n<meta property=\"og:site_name\" content=\"County of San Diego (Beta)\" \/>\n<meta property=\"article:publisher\" content=\"https:\/\/www.facebook.com\/sandiegocounty\" \/>\n<meta property=\"article:modified_time\" content=\"2025-10-28T23:58:17+00:00\" \/>\n<meta property=\"og:image\" content=\"https:\/\/beta.sandiegocounty.gov\/uploads\/2025\/10\/County-logo-OpenGraph-1200x630-1.png\" \/>\n\t<meta property=\"og:image:width\" content=\"1200\" \/>\n\t<meta property=\"og:image:height\" content=\"630\" \/>\n\t<meta property=\"og:image:type\" content=\"image\/png\" \/>\n<meta name=\"twitter:card\" content=\"summary_large_image\" \/>\n<meta name=\"twitter:site\" content=\"@SanDiegoCounty\" \/>\n<meta name=\"twitter:label1\" content=\"Est. reading time\" \/>\n\t<meta name=\"twitter:data1\" content=\"1 minute\" \/>\n<script type=\"application\/ld+json\" class=\"yoast-schema-graph\">{\"@context\":\"https:\/\/schema.org\",\"@graph\":[{\"@type\":\"WebPage\",\"@id\":\"https:\/\/beta.sandiegocounty.gov\/language-access\/\",\"url\":\"https:\/\/beta.sandiegocounty.gov\/language-access\/\",\"name\":\"Language access - County of San Diego (Beta)\",\"isPartOf\":{\"@id\":\"https:\/\/beta.sandiegocounty.gov\/#website\"},\"datePublished\":\"2025-10-28T23:51:57+00:00\",\"dateModified\":\"2025-10-28T23:58:17+00:00\",\"description\":\"Information about services to make County of San Diego information available in languages other than English.\",\"breadcrumb\":{\"@id\":\"https:\/\/beta.sandiegocounty.gov\/language-access\/#breadcrumb\"},\"inLanguage\":\"es-MX\",\"potentialAction\":[{\"@type\":\"ReadAction\",\"target\":[\"https:\/\/beta.sandiegocounty.gov\/language-access\/\"]}]},{\"@type\":\"BreadcrumbList\",\"@id\":\"https:\/\/beta.sandiegocounty.gov\/language-access\/#breadcrumb\",\"itemListElement\":[{\"@type\":\"ListItem\",\"position\":1,\"name\":\"Home\",\"item\":\"https:\/\/beta.sandiegocounty.gov\/\"},{\"@type\":\"ListItem\",\"position\":2,\"name\":\"Language access\"}]},{\"@type\":\"WebSite\",\"@id\":\"https:\/\/beta.sandiegocounty.gov\/#website\",\"url\":\"https:\/\/beta.sandiegocounty.gov\/\",\"name\":\"County of San Diego (Beta)\",\"description\":\"\",\"publisher\":{\"@id\":\"https:\/\/beta.sandiegocounty.gov\/#organization\"},\"alternateName\":\"SanDiegoCounty.gov\",\"potentialAction\":[{\"@type\":\"SearchAction\",\"target\":{\"@type\":\"EntryPoint\",\"urlTemplate\":\"https:\/\/beta.sandiegocounty.gov\/?s={search_term_string}\"},\"query-input\":{\"@type\":\"PropertyValueSpecification\",\"valueRequired\":true,\"valueName\":\"search_term_string\"}}],\"inLanguage\":\"es-MX\"},{\"@type\":\"Organization\",\"@id\":\"https:\/\/beta.sandiegocounty.gov\/#organization\",\"name\":\"County of San Diego\",\"url\":\"https:\/\/beta.sandiegocounty.gov\/\",\"logo\":{\"@type\":\"ImageObject\",\"inLanguage\":\"es-MX\",\"@id\":\"https:\/\/beta.sandiegocounty.gov\/#\/schema\/logo\/image\/\",\"url\":\"https:\/\/beta.sandiegocounty.gov\/uploads\/2024\/07\/CoSD-Logo-cropped.png\",\"contentUrl\":\"https:\/\/beta.sandiegocounty.gov\/uploads\/2024\/07\/CoSD-Logo-cropped.png\",\"width\":150,\"height\":150,\"caption\":\"County of San Diego\"},\"image\":{\"@id\":\"https:\/\/beta.sandiegocounty.gov\/#\/schema\/logo\/image\/\"},\"sameAs\":[\"https:\/\/www.facebook.com\/sandiegocounty\",\"https:\/\/x.com\/SanDiegoCounty\",\"https:\/\/www.youtube.com\/countysandiego\",\"https:\/\/www.instagram.com\/countyofsandiego\/\"],\"description\":\"The County provides a wide variety of health, public safety and community services to residents of the region's 18 cities and a large unincorporated area.\",\"telephone\":\"(858) 694-3900\",\"legalName\":\"County of San Diego\"}]}<\/script>\n<!-- \/ Yoast SEO Premium plugin. -->","yoast_head_json":{"title":"Language access - County of San Diego (Beta)","description":"Information about services to make County of San Diego information available in languages other than English.","robots":{"index":"index","follow":"follow","max-snippet":"max-snippet:-1","max-image-preview":"max-image-preview:large","max-video-preview":"max-video-preview:-1"},"canonical":"https:\/\/beta.sandiegocounty.gov\/es\/language-access\/","og_locale":"es_MX","og_type":"article","og_title":"Language access","og_description":"Information about services to make County of San Diego information available in languages other than English.","og_url":"https:\/\/beta.sandiegocounty.gov\/es\/language-access\/","og_site_name":"County of San Diego (Beta)","article_publisher":"https:\/\/www.facebook.com\/sandiegocounty","article_modified_time":"2025-10-28T23:58:17+00:00","og_image":[{"width":1200,"height":630,"url":"https:\/\/beta.sandiegocounty.gov\/uploads\/2025\/10\/County-logo-OpenGraph-1200x630-1.png","type":"image\/png"}],"twitter_card":"summary_large_image","twitter_site":"@SanDiegoCounty","twitter_misc":{"Est. reading time":"1 minute"},"schema":{"@context":"https:\/\/schema.org","@graph":[{"@type":"WebPage","@id":"https:\/\/beta.sandiegocounty.gov\/language-access\/","url":"https:\/\/beta.sandiegocounty.gov\/language-access\/","name":"Language access - County of San Diego (Beta)","isPartOf":{"@id":"https:\/\/beta.sandiegocounty.gov\/#website"},"datePublished":"2025-10-28T23:51:57+00:00","dateModified":"2025-10-28T23:58:17+00:00","description":"Information about services to make County of San Diego information available in languages other than English.","breadcrumb":{"@id":"https:\/\/beta.sandiegocounty.gov\/language-access\/#breadcrumb"},"inLanguage":"es-MX","potentialAction":[{"@type":"ReadAction","target":["https:\/\/beta.sandiegocounty.gov\/language-access\/"]}]},{"@type":"BreadcrumbList","@id":"https:\/\/beta.sandiegocounty.gov\/language-access\/#breadcrumb","itemListElement":[{"@type":"ListItem","position":1,"name":"Home","item":"https:\/\/beta.sandiegocounty.gov\/"},{"@type":"ListItem","position":2,"name":"Language access"}]},{"@type":"WebSite","@id":"https:\/\/beta.sandiegocounty.gov\/#website","url":"https:\/\/beta.sandiegocounty.gov\/","name":"Condado de San Diego (Beta)","description":"","publisher":{"@id":"https:\/\/beta.sandiegocounty.gov\/#organization"},"alternateName":"SanDiegoCounty.gov","potentialAction":[{"@type":"SearchAction","target":{"@type":"EntryPoint","urlTemplate":"https:\/\/beta.sandiegocounty.gov\/?s={search_term_string}"},"query-input":{"@type":"PropertyValueSpecification","valueRequired":true,"valueName":"search_term_string"}}],"inLanguage":"es-MX"},{"@type":"Organization","@id":"https:\/\/beta.sandiegocounty.gov\/#organization","name":"Condado de San Diego","url":"https:\/\/beta.sandiegocounty.gov\/","logo":{"@type":"ImageObject","inLanguage":"es-MX","@id":"https:\/\/beta.sandiegocounty.gov\/#\/schema\/logo\/image\/","url":"https:\/\/beta.sandiegocounty.gov\/uploads\/2024\/07\/CoSD-Logo-cropped.png","contentUrl":"https:\/\/beta.sandiegocounty.gov\/uploads\/2024\/07\/CoSD-Logo-cropped.png","width":150,"height":150,"caption":"County of San Diego"},"image":{"@id":"https:\/\/beta.sandiegocounty.gov\/#\/schema\/logo\/image\/"},"sameAs":["https:\/\/www.facebook.com\/sandiegocounty","https:\/\/x.com\/SanDiegoCounty","https:\/\/www.youtube.com\/countysandiego","https:\/\/www.instagram.com\/countyofsandiego\/"],"description":"El condado ofrece una amplia variedad de servicios de salud, seguridad p\u00fablica y comunitarios a los residentes de las 18 ciudades de la regi\u00f3n y una gran \u00e1rea no incorporada.","telephone":"(858) 694-3900","legalName":"County of San Diego"}]}},"_links":{"self":[{"href":"https:\/\/beta.sandiegocounty.gov\/es\/wp-json\/wp\/v2\/pages\/5041","targetHints":{"allow":["GET"]}}],"collection":[{"href":"https:\/\/beta.sandiegocounty.gov\/es\/wp-json\/wp\/v2\/pages"}],"about":[{"href":"https:\/\/beta.sandiegocounty.gov\/es\/wp-json\/wp\/v2\/types\/page"}],"author":[{"embeddable":true,"href":"https:\/\/beta.sandiegocounty.gov\/es\/wp-json\/wp\/v2\/users\/5"}],"replies":[{"embeddable":true,"href":"https:\/\/beta.sandiegocounty.gov\/es\/wp-json\/wp\/v2\/comments?post=5041"}],"version-history":[{"count":1,"href":"https:\/\/beta.sandiegocounty.gov\/es\/wp-json\/wp\/v2\/pages\/5041\/revisions"}],"predecessor-version":[{"id":5042,"href":"https:\/\/beta.sandiegocounty.gov\/es\/wp-json\/wp\/v2\/pages\/5041\/revisions\/5042"}],"wp:attachment":[{"href":"https:\/\/beta.sandiegocounty.gov\/es\/wp-json\/wp\/v2\/media?parent=5041"}],"wp:term":[{"taxonomy":"departments","embeddable":true,"href":"https:\/\/beta.sandiegocounty.gov\/es\/wp-json\/wp\/v2\/departments?post=5041"}],"curies":[{"name":"gracias","href":"https:\/\/api.w.org\/{rel}","templated":true}]}}